{"id":92,"date":"2023-05-02T17:15:38","date_gmt":"2023-05-02T17:15:38","guid":{"rendered":"http:\/\/museumofquinoa.kitchokly.com\/?page_id=92"},"modified":"2023-05-28T04:27:48","modified_gmt":"2023-05-28T04:27:48","slug":"biodiversity","status":"publish","type":"page","link":"https:\/\/quinoamuseum.com\/es\/themes\/biodiversity\/","title":{"rendered":"Biodiversidad"},"content":{"rendered":"<div class=\"wp-block-group is-layout-flow wp-container-core-group-is-layout-27ae563d wp-block-group-is-layout-flow\" style=\"padding-top:0;padding-right:0;padding-bottom:var(--wp--preset--spacing--60);padding-left:0\">\n<div class=\"wp-block-cover is-light has-parallax\" style=\"min-height:200px;aspect-ratio:unset;\"><span aria-hidden=\"true\" class=\"wp-block-cover__background has-background-dim wp-block-cover__gradient-background has-background-gradient\" style=\"background:linear-gradient(180deg,rgba(0,0,0,0) 0%,rgb(0,0,0) 56%)\"><\/span><div role=\"img\" class=\"wp-block-cover__image-background wp-image-424 has-parallax\" style=\"background-position:50% 50%;background-image:url(http:\/\/quinoamuseum.com\/wp-content\/uploads\/2023\/05\/biodiversity_Yellow-quinoa-2.jpeg)\"><\/div><div class=\"wp-block-cover__inner-container is-layout-flow wp-block-cover-is-layout-flow\">\n<div class=\"wp-block-group has-global-padding is-layout-constrained wp-container-core-group-is-layout-73747aa9 wp-block-group-is-layout-constrained\">\n<h1 class=\"wp-block-heading has-text-align-center has-white-color has-text-color has-x-large-font-size\">Biodiversidad<\/h1>\n<\/div>\n<\/div><\/div>\n\n\n\n<hr class=\"wp-block-separator alignwide has-alpha-channel-opacity\"\/>\n\n\n\n<p>En la actualidad, la diversidad de semillas de quinua se est\u00e1 perdiendo, debido a que la quinua blanca es m\u00e1s comercial. La gente prefiere sembrar esa variedad porque genera ingresos econ\u00f3micos. Sin embargo, las otras variedades que prevalec\u00edan antes del \u201cboom de la quinua\u201d a principios de los a\u00f1os 2010 \u2013la amarilla, roja y negra (silvestre)\u2013 a\u00fan se pod\u00edan encontrar en los almacenes de las familias. En el pasado, estas variedades de colores se sembraban y cosechaban en grandes cantidades. Es preocupante c\u00f3mo se est\u00e1n perdiendo las semillas; m\u00e1s a\u00fan cuando esta sequ\u00eda entristece a los agricultores, quienes sol\u00edan reservar cierta cantidad de semillas para la siguiente campa\u00f1a agr\u00edcola. A veces, las semillas compradas no brotan en las parcelas; por ello es necesario conservar las semillas acorde a nuestro piso ecol\u00f3gico y tener un banco de semillas para salvaguardar la agrobiodiversidad. Las actividades agr\u00edcolas en los \u00faltimos a\u00f1os han cambiado debido al cambio clim\u00e1tico; y el d\u00e9ficit h\u00eddrico \u2013que se acrecienta cada d\u00eda\u2013 lleva a que las familias opten por productos resistentes a las sequ\u00edas, veranillos y heladas.<\/p>\n<\/div>\n\n\n\n<div class=\"wp-block-group alignwide is-layout-flow wp-container-core-group-is-layout-15ea44a4 wp-block-group-is-layout-flow\">\n<div class=\"wp-block-group alignwide has-global-padding is-layout-constrained wp-container-core-group-is-layout-d4bb0a6a wp-block-group-is-layout-constrained\" style=\"padding-bottom:0\">\n<h2 class=\"wp-block-heading alignwide has-text-align-center has-primary-color has-text-color\" id=\"white-quinoa\" style=\"padding-top:0;padding-right:0;padding-bottom:0;padding-left:0\">Quinoa blanca<\/h2>\n\n\n\n<div class=\"wp-block-columns alignwide are-vertically-aligned-top is-layout-flex wp-container-core-columns-is-layout-e73699bc wp-block-columns-is-layout-flex\" style=\"padding-top:0;padding-right:0;padding-bottom:0;padding-left:0\">\n<div class=\"wp-block-column is-vertically-aligned-top is-layout-flow wp-block-column-is-layout-flow\">\n<figure class=\"wp-block-image aligncenter size-full wp-container-content-0733e5d0\"><a href=\"https:\/\/quinoamuseum.com\/wp-content\/uploads\/2023\/05\/biodiversity_White-purple.jpeg\"><img loading=\"lazy\" decoding=\"async\" width=\"1200\" height=\"1600\" src=\"https:\/\/quinoamuseum.com\/wp-content\/uploads\/2023\/05\/biodiversity_White-purple.jpeg\" alt=\"White quinoa with purple panicle. The outer shell of the seed is removed during threshing.\" class=\"wp-image-419\" srcset=\"https:\/\/quinoamuseum.com\/wp-content\/uploads\/2023\/05\/biodiversity_White-purple.jpeg 1200w, https:\/\/quinoamuseum.com\/wp-content\/uploads\/2023\/05\/biodiversity_White-purple-225x300.jpeg 225w, https:\/\/quinoamuseum.com\/wp-content\/uploads\/2023\/05\/biodiversity_White-purple-768x1024.jpeg 768w, https:\/\/quinoamuseum.com\/wp-content\/uploads\/2023\/05\/biodiversity_White-purple-1152x1536.jpeg 1152w, https:\/\/quinoamuseum.com\/wp-content\/uploads\/2023\/05\/biodiversity_White-purple-9x12.jpeg 9w\" sizes=\"auto, (max-width: 1200px) 100vw, 1200px\" \/><\/a><figcaption class=\"wp-element-caption\">Quinua blanca con panoja morada. La c\u00e1scara de color se pierde en la trilla.<\/figcaption><\/figure>\n<\/div>\n\n\n\n<div class=\"wp-block-column is-vertically-aligned-top is-layout-flow wp-block-column-is-layout-flow\">\n<figure class=\"wp-block-image aligncenter size-full wp-container-content-0733e5d0\"><a href=\"https:\/\/quinoamuseum.com\/wp-content\/uploads\/2023\/05\/biodiversity_White-Flowering-1.jpeg\"><img loading=\"lazy\" decoding=\"async\" width=\"1200\" height=\"1600\" src=\"https:\/\/quinoamuseum.com\/wp-content\/uploads\/2023\/05\/biodiversity_White-Flowering-1.jpeg\" alt=\"White quinoa in the \u201cmilk phase\u201d of ripening. At this stage, the grain is formed, and if the seed doesn\u2019t mature completely (as can happen when there is a drought or freezing temperatures), it will not be a good harvest.\" class=\"wp-image-416\" srcset=\"https:\/\/quinoamuseum.com\/wp-content\/uploads\/2023\/05\/biodiversity_White-Flowering-1.jpeg 1200w, https:\/\/quinoamuseum.com\/wp-content\/uploads\/2023\/05\/biodiversity_White-Flowering-1-225x300.jpeg 225w, https:\/\/quinoamuseum.com\/wp-content\/uploads\/2023\/05\/biodiversity_White-Flowering-1-768x1024.jpeg 768w, https:\/\/quinoamuseum.com\/wp-content\/uploads\/2023\/05\/biodiversity_White-Flowering-1-1152x1536.jpeg 1152w, https:\/\/quinoamuseum.com\/wp-content\/uploads\/2023\/05\/biodiversity_White-Flowering-1-9x12.jpeg 9w\" sizes=\"auto, (max-width: 1200px) 100vw, 1200px\" \/><\/a><figcaption class=\"wp-element-caption\">Quinoa blanca en proceso de maduraci\u00f3n \"fase de leche\u201d. En esta etapa se forma el grano. Si no logra madurar completamente (como sucede cuando hay sequ\u00eda o heladas) no ser\u00e1 una buena cosecha.<\/figcaption><\/figure>\n<\/div>\n<\/div>\n\n\n\n<div class=\"wp-block-columns alignwide are-vertically-aligned-top is-layout-flex wp-container-core-columns-is-layout-e73699bc wp-block-columns-is-layout-flex\" style=\"padding-top:0;padding-right:0;padding-bottom:0;padding-left:0\">\n<div class=\"wp-block-column is-vertically-aligned-top is-layout-flow wp-block-column-is-layout-flow\">\n<figure class=\"wp-block-image aligncenter size-full wp-container-content-0733e5d0\"><a href=\"https:\/\/quinoamuseum.com\/wp-content\/uploads\/2023\/05\/biodiversity_White-Flowering-2.jpeg\"><img loading=\"lazy\" decoding=\"async\" width=\"1200\" height=\"1600\" src=\"https:\/\/quinoamuseum.com\/wp-content\/uploads\/2023\/05\/biodiversity_White-Flowering-2.jpeg\" alt=\"Flowering white quinoa\" class=\"wp-image-417\" srcset=\"https:\/\/quinoamuseum.com\/wp-content\/uploads\/2023\/05\/biodiversity_White-Flowering-2.jpeg 1200w, https:\/\/quinoamuseum.com\/wp-content\/uploads\/2023\/05\/biodiversity_White-Flowering-2-225x300.jpeg 225w, https:\/\/quinoamuseum.com\/wp-content\/uploads\/2023\/05\/biodiversity_White-Flowering-2-768x1024.jpeg 768w, https:\/\/quinoamuseum.com\/wp-content\/uploads\/2023\/05\/biodiversity_White-Flowering-2-1152x1536.jpeg 1152w, https:\/\/quinoamuseum.com\/wp-content\/uploads\/2023\/05\/biodiversity_White-Flowering-2-9x12.jpeg 9w\" sizes=\"auto, (max-width: 1200px) 100vw, 1200px\" \/><\/a><figcaption class=\"wp-element-caption\">Quinoa blanca floreciendo<\/figcaption><\/figure>\n<\/div>\n\n\n\n<div class=\"wp-block-column is-vertically-aligned-top is-layout-flow wp-block-column-is-layout-flow\">\n<figure class=\"wp-block-image aligncenter size-full wp-container-content-0733e5d0\"><a href=\"https:\/\/quinoamuseum.com\/wp-content\/uploads\/2023\/05\/biodiversity_White-quinoa-seeds.jpeg\"><img loading=\"lazy\" decoding=\"async\" width=\"1280\" height=\"960\" src=\"https:\/\/quinoamuseum.com\/wp-content\/uploads\/2023\/05\/biodiversity_White-quinoa-seeds.jpeg\" alt=\"White quinoa seeds. White quinoa is the most commercial variety.\" class=\"wp-image-418\" srcset=\"https:\/\/quinoamuseum.com\/wp-content\/uploads\/2023\/05\/biodiversity_White-quinoa-seeds.jpeg 1280w, https:\/\/quinoamuseum.com\/wp-content\/uploads\/2023\/05\/biodiversity_White-quinoa-seeds-300x225.jpeg 300w, https:\/\/quinoamuseum.com\/wp-content\/uploads\/2023\/05\/biodiversity_White-quinoa-seeds-1024x768.jpeg 1024w, https:\/\/quinoamuseum.com\/wp-content\/uploads\/2023\/05\/biodiversity_White-quinoa-seeds-768x576.jpeg 768w, https:\/\/quinoamuseum.com\/wp-content\/uploads\/2023\/05\/biodiversity_White-quinoa-seeds-16x12.jpeg 16w\" sizes=\"auto, (max-width: 1280px) 100vw, 1280px\" \/><\/a><figcaption class=\"wp-element-caption\">Semillas de quinua blanca. La quinoa blanca es la variedad m\u00e1s comercial.<\/figcaption><\/figure>\n<\/div>\n<\/div>\n<\/div>\n\n\n\n<div class=\"wp-block-group alignwide has-global-padding is-layout-constrained wp-container-core-group-is-layout-d4bb0a6a wp-block-group-is-layout-constrained\" style=\"padding-bottom:0\">\n<h2 class=\"wp-block-heading alignwide has-text-align-center has-primary-color has-text-color\" id=\"orange-quinoa\" style=\"padding-top:0;padding-right:0;padding-bottom:0;padding-left:0\">Quinoa anaranjada<\/h2>\n\n\n\n<div class=\"wp-block-columns alignwide are-vertically-aligned-top is-layout-flex wp-container-core-columns-is-layout-62d7aabf wp-block-columns-is-layout-flex\" style=\"padding-top:0;padding-right:0;padding-bottom:var(--wp--preset--spacing--40);padding-left:0\">\n<div class=\"wp-block-column is-vertically-aligned-top is-layout-flow wp-block-column-is-layout-flow\">\n<figure class=\"wp-block-image aligncenter size-full wp-container-content-0733e5d0\"><a href=\"https:\/\/quinoamuseum.com\/wp-content\/uploads\/2023\/05\/biodiversity_Orange-quinoa.jpeg\"><img loading=\"lazy\" decoding=\"async\" width=\"1200\" height=\"1600\" src=\"https:\/\/quinoamuseum.com\/wp-content\/uploads\/2023\/05\/biodiversity_Orange-quinoa.jpeg\" alt=\"The orange variety of quinoa was widely grown in the past but is now being lost. This sweet quinoa is ideal for mazamorra con cal (porridge prepared with lime) and kispi\u00f1o.\" class=\"wp-image-414\" srcset=\"https:\/\/quinoamuseum.com\/wp-content\/uploads\/2023\/05\/biodiversity_Orange-quinoa.jpeg 1200w, https:\/\/quinoamuseum.com\/wp-content\/uploads\/2023\/05\/biodiversity_Orange-quinoa-225x300.jpeg 225w, https:\/\/quinoamuseum.com\/wp-content\/uploads\/2023\/05\/biodiversity_Orange-quinoa-768x1024.jpeg 768w, https:\/\/quinoamuseum.com\/wp-content\/uploads\/2023\/05\/biodiversity_Orange-quinoa-1152x1536.jpeg 1152w, https:\/\/quinoamuseum.com\/wp-content\/uploads\/2023\/05\/biodiversity_Orange-quinoa-9x12.jpeg 9w\" sizes=\"auto, (max-width: 1200px) 100vw, 1200px\" \/><\/a><figcaption class=\"wp-element-caption\">La quinoa anaranjada es una variedad que se cultivaba mucho en el pasado pero ahora se est\u00e1 perdiendo. Es una quinua dulce, ideal para preparar mazamorra con cal y el kispi\u00f1o.<\/figcaption><\/figure>\n<\/div>\n<\/div>\n<\/div>\n\n\n\n<div class=\"wp-block-group alignwide has-global-padding is-layout-constrained wp-container-core-group-is-layout-d4bb0a6a wp-block-group-is-layout-constrained\" style=\"padding-bottom:0\">\n<h2 class=\"wp-block-heading alignwide has-text-align-center has-primary-color has-text-color\" id=\"wild-quinoa\" style=\"padding-top:0;padding-right:0;padding-bottom:0;padding-left:0\">Quinua silvestre<\/h2>\n\n\n\n<div class=\"wp-block-columns alignwide are-vertically-aligned-top is-layout-flex wp-container-core-columns-is-layout-62d7aabf wp-block-columns-is-layout-flex\" style=\"padding-top:0;padding-right:0;padding-bottom:var(--wp--preset--spacing--40);padding-left:0\">\n<div class=\"wp-block-column is-vertically-aligned-top is-layout-flow wp-block-column-is-layout-flow\">\n<figure class=\"wp-block-image aligncenter size-full wp-container-content-0733e5d0\"><a href=\"https:\/\/quinoamuseum.com\/wp-content\/uploads\/2023\/05\/biodiversity_Wild-quinoa0.jpeg\"><img loading=\"lazy\" decoding=\"async\" width=\"1200\" height=\"1600\" src=\"https:\/\/quinoamuseum.com\/wp-content\/uploads\/2023\/05\/biodiversity_Wild-quinoa0.jpeg\" alt=\"Wild quinoa\" class=\"wp-image-420\" srcset=\"https:\/\/quinoamuseum.com\/wp-content\/uploads\/2023\/05\/biodiversity_Wild-quinoa0.jpeg 1200w, https:\/\/quinoamuseum.com\/wp-content\/uploads\/2023\/05\/biodiversity_Wild-quinoa0-225x300.jpeg 225w, https:\/\/quinoamuseum.com\/wp-content\/uploads\/2023\/05\/biodiversity_Wild-quinoa0-768x1024.jpeg 768w, https:\/\/quinoamuseum.com\/wp-content\/uploads\/2023\/05\/biodiversity_Wild-quinoa0-1152x1536.jpeg 1152w, https:\/\/quinoamuseum.com\/wp-content\/uploads\/2023\/05\/biodiversity_Wild-quinoa0-9x12.jpeg 9w\" sizes=\"auto, (max-width: 1200px) 100vw, 1200px\" \/><\/a><figcaption class=\"wp-element-caption\">Quinua silvestre<\/figcaption><\/figure>\n<\/div>\n\n\n\n<div class=\"wp-block-column is-vertically-aligned-top is-layout-flow wp-block-column-is-layout-flow\">\n<figure class=\"wp-block-image aligncenter size-full wp-container-content-0733e5d0\"><a href=\"https:\/\/quinoamuseum.com\/wp-content\/uploads\/2023\/05\/biodiversity_Wild-quinoa1.jpeg\"><img loading=\"lazy\" decoding=\"async\" width=\"1200\" height=\"1600\" src=\"https:\/\/quinoamuseum.com\/wp-content\/uploads\/2023\/05\/biodiversity_Wild-quinoa1.jpeg\" alt=\"Wild quinoa panicle\" class=\"wp-image-421\" srcset=\"https:\/\/quinoamuseum.com\/wp-content\/uploads\/2023\/05\/biodiversity_Wild-quinoa1.jpeg 1200w, https:\/\/quinoamuseum.com\/wp-content\/uploads\/2023\/05\/biodiversity_Wild-quinoa1-225x300.jpeg 225w, https:\/\/quinoamuseum.com\/wp-content\/uploads\/2023\/05\/biodiversity_Wild-quinoa1-768x1024.jpeg 768w, https:\/\/quinoamuseum.com\/wp-content\/uploads\/2023\/05\/biodiversity_Wild-quinoa1-1152x1536.jpeg 1152w, https:\/\/quinoamuseum.com\/wp-content\/uploads\/2023\/05\/biodiversity_Wild-quinoa1-9x12.jpeg 9w\" sizes=\"auto, (max-width: 1200px) 100vw, 1200px\" \/><\/a><figcaption class=\"wp-element-caption\">Panoja de quinua silvestre<\/figcaption><\/figure>\n<\/div>\n<\/div>\n\n\n\n<div class=\"wp-block-columns alignwide are-vertically-aligned-top is-layout-flex wp-container-core-columns-is-layout-62d7aabf wp-block-columns-is-layout-flex\" style=\"padding-top:0;padding-right:0;padding-bottom:var(--wp--preset--spacing--40);padding-left:0\">\n<div class=\"wp-block-column is-vertically-aligned-top is-layout-flow wp-block-column-is-layout-flow\">\n<figure class=\"wp-block-image aligncenter size-full wp-container-content-0733e5d0\"><a href=\"https:\/\/quinoamuseum.com\/wp-content\/uploads\/2023\/05\/biodiversity_Wild-Quinoa2.jpeg\"><img loading=\"lazy\" decoding=\"async\" width=\"800\" height=\"600\" src=\"http:\/\/quinoamuseum.com\/wp-content\/uploads\/2023\/05\/biodiversity_Wild-Quinoa2.jpeg\" alt=\"Winnowing the wild quinoa to separate it from the chaff.\" class=\"wp-image-422\" srcset=\"https:\/\/quinoamuseum.com\/wp-content\/uploads\/2023\/05\/biodiversity_Wild-Quinoa2.jpeg 800w, https:\/\/quinoamuseum.com\/wp-content\/uploads\/2023\/05\/biodiversity_Wild-Quinoa2-300x225.jpeg 300w, https:\/\/quinoamuseum.com\/wp-content\/uploads\/2023\/05\/biodiversity_Wild-Quinoa2-768x576.jpeg 768w, https:\/\/quinoamuseum.com\/wp-content\/uploads\/2023\/05\/biodiversity_Wild-Quinoa2-16x12.jpeg 16w\" sizes=\"auto, (max-width: 800px) 100vw, 800px\" \/><\/a><figcaption class=\"wp-element-caption\">Venteando la quinua negra para separar las semillas de las malezas.<\/figcaption><\/figure>\n<\/div>\n<\/div>\n<\/div>\n\n\n\n<div class=\"wp-block-group alignwide has-global-padding is-layout-constrained wp-container-core-group-is-layout-d4bb0a6a wp-block-group-is-layout-constrained\" style=\"padding-bottom:0\">\n<h2 class=\"wp-block-heading alignwide has-text-align-center has-primary-color has-text-color\" id=\"red-quinoa\" style=\"padding-top:0;padding-right:0;padding-bottom:0;padding-left:0\">Quinua roja<\/h2>\n\n\n\n<div class=\"wp-block-columns alignwide are-vertically-aligned-top is-layout-flex wp-container-core-columns-is-layout-62d7aabf wp-block-columns-is-layout-flex\" style=\"padding-top:0;padding-right:0;padding-bottom:var(--wp--preset--spacing--40);padding-left:0\">\n<div class=\"wp-block-column is-vertically-aligned-top is-layout-flow wp-block-column-is-layout-flow\">\n<figure class=\"wp-block-image aligncenter size-full wp-container-content-0733e5d0\"><a href=\"https:\/\/quinoamuseum.com\/wp-content\/uploads\/2023\/05\/biodiversity_red-quinoa-harvest.jpeg\"><img loading=\"lazy\" decoding=\"async\" width=\"1280\" height=\"1229\" src=\"https:\/\/quinoamuseum.com\/wp-content\/uploads\/2023\/05\/biodiversity_red-quinoa-harvest.jpeg\" alt=\"Red quinoa harvest.\" class=\"wp-image-415\" srcset=\"https:\/\/quinoamuseum.com\/wp-content\/uploads\/2023\/05\/biodiversity_red-quinoa-harvest.jpeg 1280w, https:\/\/quinoamuseum.com\/wp-content\/uploads\/2023\/05\/biodiversity_red-quinoa-harvest-300x288.jpeg 300w, https:\/\/quinoamuseum.com\/wp-content\/uploads\/2023\/05\/biodiversity_red-quinoa-harvest-1024x983.jpeg 1024w, https:\/\/quinoamuseum.com\/wp-content\/uploads\/2023\/05\/biodiversity_red-quinoa-harvest-768x737.jpeg 768w, https:\/\/quinoamuseum.com\/wp-content\/uploads\/2023\/05\/biodiversity_red-quinoa-harvest-12x12.jpeg 12w\" sizes=\"auto, (max-width: 1280px) 100vw, 1280px\" \/><\/a><figcaption class=\"wp-element-caption\">Cosecha de quinua roja.<\/figcaption><\/figure>\n<\/div>\n<\/div>\n<\/div>\n\n\n\n<div class=\"wp-block-group alignwide has-global-padding is-layout-constrained wp-container-core-group-is-layout-d4bb0a6a wp-block-group-is-layout-constrained\" style=\"padding-bottom:0\">\n<h2 class=\"wp-block-heading alignwide has-text-align-left\" id=\"yellow-quinoa\" style=\"padding-top:0;padding-right:0;padding-bottom:0;padding-left:0\">Quinua amarilla<\/h2>\n\n\n\n<div class=\"wp-block-columns alignwide are-vertically-aligned-top is-layout-flex wp-container-core-columns-is-layout-62d7aabf wp-block-columns-is-layout-flex\" style=\"padding-top:0;padding-right:0;padding-bottom:var(--wp--preset--spacing--40);padding-left:0\">\n<div class=\"wp-block-column is-vertically-aligned-top is-layout-flow wp-block-column-is-layout-flow\">\n<figure class=\"wp-block-image aligncenter size-full wp-container-content-0733e5d0\"><a href=\"https:\/\/quinoamuseum.com\/wp-content\/uploads\/2023\/05\/biodiversity_Yellow-Quinoa-1.jpeg\"><img loading=\"lazy\" decoding=\"async\" width=\"800\" height=\"600\" src=\"http:\/\/quinoamuseum.com\/wp-content\/uploads\/2023\/05\/biodiversity_Yellow-Quinoa-1.jpeg\" alt=\"Yellow quinoa is at risk of becoming extinct.\" class=\"wp-image-423\" srcset=\"https:\/\/quinoamuseum.com\/wp-content\/uploads\/2023\/05\/biodiversity_Yellow-Quinoa-1.jpeg 800w, https:\/\/quinoamuseum.com\/wp-content\/uploads\/2023\/05\/biodiversity_Yellow-Quinoa-1-300x225.jpeg 300w, https:\/\/quinoamuseum.com\/wp-content\/uploads\/2023\/05\/biodiversity_Yellow-Quinoa-1-768x576.jpeg 768w, https:\/\/quinoamuseum.com\/wp-content\/uploads\/2023\/05\/biodiversity_Yellow-Quinoa-1-16x12.jpeg 16w\" sizes=\"auto, (max-width: 800px) 100vw, 800px\" \/><\/a><figcaption class=\"wp-element-caption\">La quinua amarilla est\u00e1 en peligro de extinci\u00f3n.<\/figcaption><\/figure>\n<\/div>\n\n\n\n<div class=\"wp-block-column is-vertically-aligned-top is-layout-flow wp-block-column-is-layout-flow\">\n<figure class=\"wp-block-image aligncenter size-full wp-container-content-0733e5d0\"><a href=\"https:\/\/quinoamuseum.com\/wp-content\/uploads\/2023\/05\/biodiversity_Yellow-quinoa-2.jpeg\"><img loading=\"lazy\" decoding=\"async\" width=\"1600\" height=\"1200\" src=\"https:\/\/quinoamuseum.com\/wp-content\/uploads\/2023\/05\/biodiversity_Yellow-quinoa-2.jpeg\" alt=\"Like the orange and red varieties, yellow quinoa is ideal for making porridge (mazamorra) and kispi\u00f1o.\" class=\"wp-image-424\" srcset=\"https:\/\/quinoamuseum.com\/wp-content\/uploads\/2023\/05\/biodiversity_Yellow-quinoa-2.jpeg 1600w, https:\/\/quinoamuseum.com\/wp-content\/uploads\/2023\/05\/biodiversity_Yellow-quinoa-2-300x225.jpeg 300w, https:\/\/quinoamuseum.com\/wp-content\/uploads\/2023\/05\/biodiversity_Yellow-quinoa-2-1024x768.jpeg 1024w, https:\/\/quinoamuseum.com\/wp-content\/uploads\/2023\/05\/biodiversity_Yellow-quinoa-2-768x576.jpeg 768w, https:\/\/quinoamuseum.com\/wp-content\/uploads\/2023\/05\/biodiversity_Yellow-quinoa-2-1536x1152.jpeg 1536w, https:\/\/quinoamuseum.com\/wp-content\/uploads\/2023\/05\/biodiversity_Yellow-quinoa-2-16x12.jpeg 16w\" sizes=\"auto, (max-width: 1600px) 100vw, 1600px\" \/><\/a><figcaption class=\"wp-element-caption\">Al igual que la anaranjada y roja, la quinua amarilla es ideal para la mazamorra y el kispi\u00f1o.<\/figcaption><\/figure>\n<\/div>\n<\/div>\n<\/div>\n<\/div>","protected":false},"excerpt":{"rendered":"<p>Currently, the diversity of quinoa seeds is being lost, because white quinoa is more commercial. People prefer to sow that variety because it generates an income. However, the other varieties that prevailed before the \u201cquinoa boom\u201d of the early 2010s \u2013yellow, red and black (wild) quinoa\u2013 were still in the family storages. In the past, [&hellip;]<\/p>","protected":false},"author":1,"featured_media":0,"parent":483,"menu_order":0,"comment_status":"closed","ping_status":"closed","template":"","meta":{"footnotes":""},"class_list":["post-92","page","type-page","status-publish","hentry"],"_links":{"self":[{"href":"https:\/\/quinoamuseum.com\/es\/wp-json\/wp\/v2\/pages\/92","targetHints":{"allow":["GET"]}}],"collection":[{"href":"https:\/\/quinoamuseum.com\/es\/wp-json\/wp\/v2\/pages"}],"about":[{"href":"https:\/\/quinoamuseum.com\/es\/wp-json\/wp\/v2\/types\/page"}],"author":[{"embeddable":true,"href":"https:\/\/quinoamuseum.com\/es\/wp-json\/wp\/v2\/users\/1"}],"replies":[{"embeddable":true,"href":"https:\/\/quinoamuseum.com\/es\/wp-json\/wp\/v2\/comments?post=92"}],"version-history":[{"count":78,"href":"https:\/\/quinoamuseum.com\/es\/wp-json\/wp\/v2\/pages\/92\/revisions"}],"predecessor-version":[{"id":656,"href":"https:\/\/quinoamuseum.com\/es\/wp-json\/wp\/v2\/pages\/92\/revisions\/656"}],"up":[{"embeddable":true,"href":"https:\/\/quinoamuseum.com\/es\/wp-json\/wp\/v2\/pages\/483"}],"wp:attachment":[{"href":"https:\/\/quinoamuseum.com\/es\/wp-json\/wp\/v2\/media?parent=92"}],"curies":[{"name":"wp","href":"https:\/\/api.w.org\/{rel}","templated":true}]}}